{"id":144,"date":"2023-01-14T00:10:58","date_gmt":"2023-01-13T23:10:58","guid":{"rendered":"https:\/\/antoine-escola.fr\/?page_id=144"},"modified":"2024-07-16T13:01:50","modified_gmt":"2024-07-16T11:01:50","slug":"sites-internet","status":"publish","type":"page","link":"https:\/\/antoine-escola.fr\/index.php\/accueil\/culture\/sites-internet\/","title":{"rendered":"Sites Internet"},"content":{"rendered":"\n<p class=\"has-large-font-size\"><strong>Quelques ressources en ligne afin d&rsquo;expliciter le cours<\/strong><\/p>\n\n\n\n<div style=\"height:50px\" aria-hidden=\"true\" class=\"wp-block-spacer\"><\/div>\n\n\n\n<p class=\"has-medium-font-size\"><strong>Quelques livres scolaires de lyc\u00e9e libres de droit<\/strong><\/p>\n\n\n\n<p><a href=\"https:\/\/mesmanuels.fr\/acces-libre\/9782016290040\" target=\"_blank\" rel=\"noreferrer noopener\">mesmanuels.fr<\/a><\/p>\n\n\n\n<p><a href=\"https:\/\/www.lelivrescolaire.fr\/\" target=\"_blank\" rel=\"noreferrer noopener\">lelivrescolaire.<\/a><a href=\"https:\/\/manuelnumeriquemax.belin.education\/\" target=\"_blank\" rel=\"noreferrer noopener\">Livres \u00e9dition Belin<\/a><\/p>\n\n\n\n<p><a href=\"https:\/\/spcl.ac-montpellier.fr\/moodle\/\" target=\"_blank\" rel=\"noreferrer noopener\">Au niveau STL<\/a><\/p>\n\n\n\n<p><a href=\"https:\/\/labolycee.org\/\" target=\"_blank\" rel=\"noreferrer noopener\">Annales du Baccalaur\u00e9at<\/a><\/p>\n\n\n\n<div style=\"height:50px\" aria-hidden=\"true\" class=\"wp-block-spacer\"><\/div>\n\n\n\n<p class=\"has-medium-font-size\"><strong>Cours en ligne<\/strong><\/p>\n\n\n\n<p><a href=\"https:\/\/www.faidherbe.org\/site\/cours\/dupuis\/accueil.htm\" target=\"_blank\" rel=\"noreferrer noopener\">Cours de chimie<\/a> de G\u00e9rard Dupuy, Lyc\u00e9e Faidherbe<\/p>\n\n\n\n<p><a href=\"https:\/\/www.lct.jussieu.fr\/pagesperso\/chaquin\/\" target=\"_blank\" rel=\"noreferrer noopener\">Cours de chimie th\u00e9orique<\/a> de Patrick Chaquin<\/p>\n\n\n\n<p><a href=\"http:\/\/agregationchimie.free.fr\/fichiers\/cours_electrochimie.pdf\" target=\"_blank\" rel=\"noreferrer noopener\">Cours d\u2019\u00e9lectrochimie<\/a> de Martin V\u00e9rot<\/p>\n\n\n\n<p><a href=\"http:\/\/dlecorgnechimie.fr\/wp-content\/uploads\/2015\/02\/chap3_grandeursdereactionetequilibre.pdf\" target=\"_blank\" rel=\"noreferrer noopener\">Cours de thermodynamique chimique<\/a>, niveau PSI, Lyc\u00e9e Jean Dautet<\/p>\n\n\n\n<div style=\"height:50px\" aria-hidden=\"true\" class=\"wp-block-spacer\"><\/div>\n\n\n\n<p class=\"has-medium-font-size\"><strong>Bulletins officiels et programmes en vigueur (<a rel=\"noreferrer noopener\" href=\"https:\/\/eduscol.education.fr\/74\/j-enseigne\" target=\"_blank\">\u00c9duscol<\/a>)<\/strong> \ud83c\uddeb\ud83c\uddf7<\/p>\n\n\n\n<ul class=\"wp-block-list\">\n<li><strong>Secondaire<\/strong><\/li>\n<\/ul>\n\n\n\n<p><a rel=\"noreferrer noopener\" href=\"https:\/\/eduscol.education.fr\/document\/22663\/download\" target=\"_blank\">Seconde g\u00e9n\u00e9rale<\/a><\/p>\n\n\n\n<p><a href=\"https:\/\/eduscol.education.fr\/document\/22666\/download\" target=\"_blank\" rel=\"noreferrer noopener\">Premi\u00e8re g\u00e9n\u00e9rale<\/a><\/p>\n\n\n\n<p><a href=\"https:\/\/eduscol.education.fr\/document\/22669\/download\" target=\"_blank\" rel=\"noreferrer noopener\">Terminale g\u00e9n\u00e9rale<\/a><\/p>\n\n\n\n<p><a href=\"https:\/\/eduscol.education.fr\/1652\/programmes-et-ressources-en-serie-stl\">Fili\u00e8re<\/a><a href=\"https:\/\/eduscol.education.fr\/1652\/programmes-et-ressources-en-serie-stl\" target=\"_blank\" rel=\"noreferrer noopener\"> <\/a><a href=\"https:\/\/eduscol.education.fr\/1652\/programmes-et-ressources-en-serie-stl\">STL<\/a><\/p>\n\n\n\n<ul class=\"wp-block-list\">\n<li><strong>Sup\u00e9rieur<\/strong><\/li>\n<\/ul>\n\n\n\n<p><a href=\"https:\/\/www.education.gouv.fr\/bo\/21\/Special1\/ESRS2035780A.htm\" target=\"_blank\" rel=\"noreferrer noopener\">PCSI, PSI<\/a><\/p>\n\n\n\n<p><a href=\"https:\/\/cache.media.education.gouv.fr\/file\/SPE1-MEN-MESRI-4-2-2021\/65\/0\/spe780_annexe_1373650.pdf\" target=\"_blank\" rel=\"noreferrer noopener\">PCSI<\/a><\/p>\n\n\n\n<p><a href=\"https:\/\/prepas.org\/index.php?rubrique=53\" target=\"_blank\" rel=\"noreferrer noopener\">MP, PC, PT, PSI, TPC, TSI<\/a><\/p>\n\n\n\n<p><a href=\"https:\/\/www.education.gouv.fr\/bo\/21\/Hebdo26\/ESRH2108111A.htm\" target=\"_blank\" rel=\"noreferrer noopener\">BCPST 1 et 2<\/a><\/p>\n\n\n\n<p><a href=\"https:\/\/cache.media.education.gouv.fr\/file\/20\/94\/8\/ensecsup111_annexes_1407948.pdf\" target=\"_blank\" rel=\"noreferrer noopener\">BCPST 1 et 2<\/a><\/p>\n\n\n\n<p><a href=\"http:\/\/mslp.ac-dijon.fr\/spip.php?article375\" target=\"_blank\" rel=\"noreferrer noopener\">BTS M\u00e9tiers de la Chimie<\/a><\/p>\n\n\n\n<div style=\"height:50px\" aria-hidden=\"true\" class=\"wp-block-spacer\"><\/div>\n\n\n<div class=\"wp-block-image\">\n<figure class=\"aligncenter size-large\"><img loading=\"lazy\" decoding=\"async\" width=\"1024\" height=\"683\" src=\"https:\/\/antoine-escola.fr\/wp-content\/uploads\/2023\/02\/pexels-pixabay-159304-1024x683.jpg\" alt=\"\" class=\"wp-image-310\" srcset=\"https:\/\/antoine-escola.fr\/wp-content\/uploads\/2023\/02\/pexels-pixabay-159304-1024x683.jpg 1024w, https:\/\/antoine-escola.fr\/wp-content\/uploads\/2023\/02\/pexels-pixabay-159304-300x200.jpg 300w, https:\/\/antoine-escola.fr\/wp-content\/uploads\/2023\/02\/pexels-pixabay-159304-768x512.jpg 768w, https:\/\/antoine-escola.fr\/wp-content\/uploads\/2023\/02\/pexels-pixabay-159304-1536x1024.jpg 1536w, https:\/\/antoine-escola.fr\/wp-content\/uploads\/2023\/02\/pexels-pixabay-159304-2048x1365.jpg 2048w, https:\/\/antoine-escola.fr\/wp-content\/uploads\/2023\/02\/pexels-pixabay-159304-1568x1045.jpg 1568w\" sizes=\"auto, (max-width: 1024px) 100vw, 1024px\" \/><figcaption class=\"wp-element-caption\">Source : Pexels<\/figcaption><\/figure>\n<\/div>\n\n\n<div style=\"height:50px\" aria-hidden=\"true\" class=\"wp-block-spacer\"><\/div>\n\n\n<div class=\"wp-block-image is-resized\">\n<figure class=\"aligncenter size-full\"><img loading=\"lazy\" decoding=\"async\" width=\"403\" height=\"141\" src=\"https:\/\/antoine-escola.fr\/wp-content\/uploads\/2023\/01\/image.png\" alt=\"\" class=\"wp-image-120\" style=\"width:103px;height:auto\" srcset=\"https:\/\/antoine-escola.fr\/wp-content\/uploads\/2023\/01\/image.png 403w, https:\/\/antoine-escola.fr\/wp-content\/uploads\/2023\/01\/image-300x105.png 300w\" sizes=\"auto, (max-width: 403px) 100vw, 403px\" \/><\/figure>\n<\/div>\n\n\n<p class=\"has-text-align-center\">Tous les articles de ce site sont mis \u00e0 disposition selon les termes de la <a rel=\"noreferrer noopener\" href=\"https:\/\/creativecommons.org\/licenses\/by-nc-nd\/4.0\/\" target=\"_blank\">Licence Creative Commons Attribution &#8211; Pas d&rsquo;Utilisation Commerciale &#8211; Pas de Modification 4.0 International<\/a>.<\/p>\n","protected":false},"excerpt":{"rendered":"<p>Quelques ressources en ligne afin d&rsquo;expliciter le cours Quelques livres scolaires de lyc\u00e9e libres de droit mesmanuels.fr lelivrescolaire.Livres \u00e9dition Belin Au niveau STL Annales du Baccalaur\u00e9at Cours en ligne Cours de chimie de G\u00e9rard Dupuy, Lyc\u00e9e Faidherbe Cours de chimie th\u00e9orique de Patrick Chaquin Cours d\u2019\u00e9lectrochimie de Martin V\u00e9rot Cours de thermodynamique chimique, niveau PSI, [&hellip;]<\/p>\n","protected":false},"author":1,"featured_media":0,"parent":133,"menu_order":0,"comment_status":"closed","ping_status":"closed","template":"","meta":{"footnotes":""},"class_list":["post-144","page","type-page","status-publish","hentry"],"_links":{"self":[{"href":"https:\/\/antoine-escola.fr\/index.php\/wp-json\/wp\/v2\/pages\/144","targetHints":{"allow":["GET"]}}],"collection":[{"href":"https:\/\/antoine-escola.fr\/index.php\/wp-json\/wp\/v2\/pages"}],"about":[{"href":"https:\/\/antoine-escola.fr\/index.php\/wp-json\/wp\/v2\/types\/page"}],"author":[{"embeddable":true,"href":"https:\/\/antoine-escola.fr\/index.php\/wp-json\/wp\/v2\/users\/1"}],"replies":[{"embeddable":true,"href":"https:\/\/antoine-escola.fr\/index.php\/wp-json\/wp\/v2\/comments?post=144"}],"version-history":[{"count":14,"href":"https:\/\/antoine-escola.fr\/index.php\/wp-json\/wp\/v2\/pages\/144\/revisions"}],"predecessor-version":[{"id":1480,"href":"https:\/\/antoine-escola.fr\/index.php\/wp-json\/wp\/v2\/pages\/144\/revisions\/1480"}],"up":[{"embeddable":true,"href":"https:\/\/antoine-escola.fr\/index.php\/wp-json\/wp\/v2\/pages\/133"}],"wp:attachment":[{"href":"https:\/\/antoine-escola.fr\/index.php\/wp-json\/wp\/v2\/media?parent=144"}],"curies":[{"name":"wp","href":"https:\/\/api.w.org\/{rel}","templated":true}]}}